{"id":810,"date":"2021-11-20T13:02:16","date_gmt":"2021-11-20T12:02:16","guid":{"rendered":"https:\/\/midio.pl\/?page_id=810"},"modified":"2021-12-29T22:38:54","modified_gmt":"2021-12-29T21:38:54","slug":"sucha-zabudowa","status":"publish","type":"page","link":"https:\/\/progreen-adm.pl\/index.php\/sucha-zabudowa","title":{"rendered":"Sucha zabudowa"},"content":{"rendered":"\t\t<div data-elementor-type=\"wp-page\" data-elementor-id=\"810\" class=\"elementor elementor-810\" data-elementor-settings=\"[]\">\n\t\t\t\t\t\t\t<div class=\"elementor-section-wrap\">\n\t\t\t\t\t\t\t<section class=\"elementor-section elementor-top-section elementor-element elementor-element-5651cb8 elementor-section-full_width elementor-section-height-min-height elementor-section-stretched page-section-header elementor-section-height-default elementor-section-items-middle\" data-id=\"5651cb8\" data-element_type=\"section\" data-settings=\"{&quot;stretch_section&quot;:&quot;section-stretched&quot;,&quot;background_background&quot;:&quot;classic&quot;}\">\n\t\t\t\t\t\t\t<div class=\"elementor-background-overlay\"><\/div>\n\t\t\t\t\t\t\t<div class=\"elementor-container elementor-column-gap-no\">\n\t\t\t\t\t<div class=\"elementor-column elementor-col-100 elementor-top-column elementor-element elementor-element-b5d957c\" data-id=\"b5d957c\" data-element_type=\"column\">\n\t\t\t<div class=\"elementor-widget-wrap elementor-element-populated\">\n\t\t\t\t\t\t\t\t<div class=\"elementor-element elementor-element-fc19583 elementor-widget elementor-widget-heading\" data-id=\"fc19583\" data-element_type=\"widget\" data-widget_type=\"heading.default\">\n\t\t\t\t<div class=\"elementor-widget-container\">\n\t\t\t<h1 class=\"elementor-heading-title elementor-size-default\">Sucha zabudowa<\/h1>\t\t<\/div>\n\t\t\t\t<\/div>\n\t\t\t\t\t<\/div>\n\t\t<\/div>\n\t\t\t\t\t\t\t<\/div>\n\t\t<\/section>\n\t\t\t\t<section class=\"elementor-section elementor-top-section elementor-element elementor-element-8442816 elementor-section-stretched elementor-section-boxed elementor-section-height-default elementor-section-height-default\" data-id=\"8442816\" data-element_type=\"section\" data-settings=\"{&quot;stretch_section&quot;:&quot;section-stretched&quot;}\">\n\t\t\t\t\t\t<div class=\"elementor-container elementor-column-gap-default\">\n\t\t\t\t\t<div class=\"elementor-column elementor-col-100 elementor-top-column elementor-element elementor-element-b5f37b0\" data-id=\"b5f37b0\" data-element_type=\"column\">\n\t\t\t<div class=\"elementor-widget-wrap elementor-element-populated\">\n\t\t\t\t\t\t\t\t<section class=\"elementor-section elementor-inner-section elementor-element elementor-element-6b0b68b elementor-section-boxed elementor-section-height-default elementor-section-height-default\" data-id=\"6b0b68b\" data-element_type=\"section\">\n\t\t\t\t\t\t<div class=\"elementor-container elementor-column-gap-default\">\n\t\t\t\t\t<div class=\"elementor-column elementor-col-33 elementor-inner-column elementor-element elementor-element-1219799\" data-id=\"1219799\" data-element_type=\"column\">\n\t\t\t<div class=\"elementor-widget-wrap elementor-element-populated\">\n\t\t\t\t\t\t\t\t<div class=\"elementor-element elementor-element-a644a5b elementor-widget elementor-widget-image\" data-id=\"a644a5b\" data-element_type=\"widget\" data-widget_type=\"image.default\">\n\t\t\t\t<div class=\"elementor-widget-container\">\n\t\t\t\t\t\t\t\t\t\t\t\t\t\t\t<img loading=\"lazy\" decoding=\"async\" width=\"768\" height=\"1\" src=\"https:\/\/progreen-adm.pl\/wp-content\/uploads\/2021\/11\/home_icn_3.svg\" class=\"attachment-medium_large size-medium_large\" alt=\"\" \/>\t\t\t\t\t\t\t\t\t\t\t\t\t\t\t<\/div>\n\t\t\t\t<\/div>\n\t\t\t\t\t<\/div>\n\t\t<\/div>\n\t\t\t\t<div class=\"elementor-column elementor-col-66 elementor-inner-column elementor-element elementor-element-5222d7c\" data-id=\"5222d7c\" data-element_type=\"column\">\n\t\t\t<div class=\"elementor-widget-wrap elementor-element-populated\">\n\t\t\t\t\t\t\t\t<div class=\"elementor-element elementor-element-e0075e2 elementor-widget elementor-widget-text-editor\" data-id=\"e0075e2\" data-element_type=\"widget\" data-widget_type=\"text-editor.default\">\n\t\t\t\t<div class=\"elementor-widget-container\">\n\t\t\t\t\t\t\t<h3><span style=\"font-size: 18pt; font-weight: bold;\">Sucha zabudowa<\/span><\/h3>\n<p style=\"font-weight: 500;\">W ramach naszych us\u0142ug, oferujemy kompleksowe wykonanie <strong>suchej zabudowy<\/strong> gipsowo-kartonowej, kt\u00f3ra znana jest z elastycznych mo\u017cliwo\u015bci zastosowania. Metoda ta jest doskona\u0142\u0105 alternatyw\u0105 dla tradycyjnego remontu, poniewa\u017c \u2013 w przeciwie\u0144stwie do niego \u2013 odbywa si\u0119 bezinwazyjnie, czysto, szybko i sprawnie. <\/p>\n\n<p style=\"font-weight: 500;\">W ramach <strong>suchej zabudowy<\/strong>, wykonujemy na \u017cyczenie m.in.:<\/p>\n\n<ul style=\"font-weight: 500;\">\n \t<li>elementy maskuj\u0105ce instalacje np. przewody elektryczne,<\/li>\n \t<li>\u015bcianki dzia\u0142owe<\/li>\n \t<li>podwieszane sufity,<\/li>\n<li>kasetony,<\/li>\n<li>wiele innych konstrukcji, w zale\u017cno\u015bci od potrzeb i pomys\u0142u Klienta.<\/li>\n<\/ul>\n\n<p style=\"font-weight: 500;\"><strong><a style=\"color: #23ab70;\" href=\"https:\/\/progreen-adm.pl\/\">ProGREEN<\/a><\/strong> zapewnia profesjonalne i efektywne, a przy tym r\u00f3wnie\u017c efektowne i dopracowane wykonanie ka\u017cdego elementu w ramach <strong>suchej zabudowy<\/strong>, jaki nam zlecisz. W ramach us\u0142ugi, doradzimy najlepsze rozwi\u0105zania, a nast\u0119pnie kompleksowo przeprowadzimy realizacj\u0119.<\/p>\t\t\t\t\t\t<\/div>\n\t\t\t\t<\/div>\n\t\t\t\t\t<\/div>\n\t\t<\/div>\n\t\t\t\t\t\t\t<\/div>\n\t\t<\/section>\n\t\t\t\t\t<\/div>\n\t\t<\/div>\n\t\t\t\t\t\t\t<\/div>\n\t\t<\/section>\n\t\t\t\t<section class=\"elementor-section elementor-top-section elementor-element elementor-element-298796e elementor-section-full_width elementor-section-stretched elementor-section-height-default elementor-section-height-default\" data-id=\"298796e\" data-element_type=\"section\" data-settings=\"{&quot;stretch_section&quot;:&quot;section-stretched&quot;,&quot;background_background&quot;:&quot;classic&quot;}\">\n\t\t\t\t\t\t<div class=\"elementor-container elementor-column-gap-default\">\n\t\t\t\t\t<div class=\"elementor-column elementor-col-100 elementor-top-column elementor-element elementor-element-28efca3\" data-id=\"28efca3\" data-element_type=\"column\">\n\t\t\t<div class=\"elementor-widget-wrap elementor-element-populated\">\n\t\t\t\t\t\t\t\t<section class=\"elementor-section elementor-inner-section elementor-element elementor-element-6bcd74d elementor-section-boxed elementor-section-height-default elementor-section-height-default\" data-id=\"6bcd74d\" data-element_type=\"section\">\n\t\t\t\t\t\t<div class=\"elementor-container elementor-column-gap-default\">\n\t\t\t\t\t<div class=\"elementor-column elementor-col-33 elementor-inner-column elementor-element elementor-element-8da3b59\" data-id=\"8da3b59\" data-element_type=\"column\">\n\t\t\t<div class=\"elementor-widget-wrap elementor-element-populated\">\n\t\t\t\t\t\t\t\t<div class=\"elementor-element elementor-element-3b09d1b elementor-widget__width-auto elementor-widget-mobile__width-inherit elementor-widget elementor-widget-html\" data-id=\"3b09d1b\" data-element_type=\"widget\" data-widget_type=\"html.default\">\n\t\t\t\t<div class=\"elementor-widget-container\">\n\t\t\t<div class=\"ht__address__inner d-flex align-items-center\">\n    <div class=\"ht__address__icon map-pin\">\n        <i class=\"fa fa-map-marker\"><\/i>\n    <\/div>\n    <div class=\"ht__address__details d-flex align-items-center\">\n        <p>81-047 Gdynia <br>ul. Gniewska 21 box 35<\/p>\n    <\/div>\n<\/div>\t\t<\/div>\n\t\t\t\t<\/div>\n\t\t\t\t\t<\/div>\n\t\t<\/div>\n\t\t\t\t<div class=\"elementor-column elementor-col-33 elementor-inner-column elementor-element elementor-element-1a63935\" data-id=\"1a63935\" data-element_type=\"column\">\n\t\t\t<div class=\"elementor-widget-wrap elementor-element-populated\">\n\t\t\t\t\t\t\t\t<div class=\"elementor-element elementor-element-c095bbc elementor-widget__width-auto elementor-widget-mobile__width-inherit elementor-widget elementor-widget-html\" data-id=\"c095bbc\" data-element_type=\"widget\" data-widget_type=\"html.default\">\n\t\t\t\t<div class=\"elementor-widget-container\">\n\t\t\t<div class=\"ht__address__inner\">\n    <div class=\"ht__address__icon glob\">\n        <i class=\"fa fa-globe\" aria-hidden=\"true\"><\/i>\n    <\/div>\n    <div class=\"ht__address__details\">\n        <p>\n            <a href=\"mailto:info@progreen-adm.pl\">info@progreen-adm.pl<\/a><br\/>\n            <a href=\"https:\/\/progreen-adm.pl\">progreen-adm.pl<\/a>\n        <\/p>\n    <\/div>\n<\/div>\t\t<\/div>\n\t\t\t\t<\/div>\n\t\t\t\t\t<\/div>\n\t\t<\/div>\n\t\t\t\t<div class=\"elementor-column elementor-col-33 elementor-inner-column elementor-element elementor-element-7855434\" data-id=\"7855434\" data-element_type=\"column\">\n\t\t\t<div class=\"elementor-widget-wrap elementor-element-populated\">\n\t\t\t\t\t\t\t\t<div class=\"elementor-element elementor-element-6caa9da elementor-widget__width-auto elementor-widget-mobile__width-inherit elementor-widget elementor-widget-html\" data-id=\"6caa9da\" data-element_type=\"widget\" data-widget_type=\"html.default\">\n\t\t\t\t<div class=\"elementor-widget-container\">\n\t\t\t<div class=\"ht__address__inner\">\n    <div class=\"ht__address__icon\">\n        <i class=\"fa fa-phone\" aria-hidden=\"true\"><\/i>\n    <\/div>\n    <div class=\"ht__address__details\">\n        <p><a href=\"#\">+48 575 025 989<\/a><\/p>\n\n    <\/div>\n<\/div>\t\t<\/div>\n\t\t\t\t<\/div>\n\t\t\t\t\t<\/div>\n\t\t<\/div>\n\t\t\t\t\t\t\t<\/div>\n\t\t<\/section>\n\t\t\t\t\t<\/div>\n\t\t<\/div>\n\t\t\t\t\t\t\t<\/div>\n\t\t<\/section>\n\t\t\t\t\t\t<\/div>\n\t\t\t\t\t<\/div>\n\t\t","protected":false},"excerpt":{"rendered":"<p>Sucha zabudowa Sucha zabudowa W ramach naszych us\u0142ug, oferujemy kompleksowe wykonanie suchej zabudowy gipsowo-kartonowej, kt\u00f3ra znana jest z elastycznych mo\u017cliwo\u015bci zastosowania. Metoda ta jest doskona\u0142\u0105 alternatyw\u0105 dla tradycyjnego remontu, poniewa\u017c \u2013 w przeciwie\u0144stwie do niego \u2013 odbywa si\u0119 bezinwazyjnie, czysto, szybko i sprawnie. W ramach suchej zabudowy, wykonujemy na \u017cyczenie m.in.: elementy maskuj\u0105ce instalacje np. [&hellip;]<\/p>\n","protected":false},"author":2,"featured_media":0,"parent":0,"menu_order":0,"comment_status":"closed","ping_status":"closed","template":"elementor_header_footer","meta":{"footnotes":""},"class_list":["post-810","page","type-page","status-publish","hentry"],"_links":{"self":[{"href":"https:\/\/progreen-adm.pl\/index.php\/wp-json\/wp\/v2\/pages\/810","targetHints":{"allow":["GET"]}}],"collection":[{"href":"https:\/\/progreen-adm.pl\/index.php\/wp-json\/wp\/v2\/pages"}],"about":[{"href":"https:\/\/progreen-adm.pl\/index.php\/wp-json\/wp\/v2\/types\/page"}],"author":[{"embeddable":true,"href":"https:\/\/progreen-adm.pl\/index.php\/wp-json\/wp\/v2\/users\/2"}],"replies":[{"embeddable":true,"href":"https:\/\/progreen-adm.pl\/index.php\/wp-json\/wp\/v2\/comments?post=810"}],"version-history":[{"count":43,"href":"https:\/\/progreen-adm.pl\/index.php\/wp-json\/wp\/v2\/pages\/810\/revisions"}],"predecessor-version":[{"id":1713,"href":"https:\/\/progreen-adm.pl\/index.php\/wp-json\/wp\/v2\/pages\/810\/revisions\/1713"}],"wp:attachment":[{"href":"https:\/\/progreen-adm.pl\/index.php\/wp-json\/wp\/v2\/media?parent=810"}],"curies":[{"name":"wp","href":"https:\/\/api.w.org\/{rel}","templated":true}]}}