{"id":808,"date":"2021-11-20T13:01:58","date_gmt":"2021-11-20T12:01:58","guid":{"rendered":"https:\/\/midio.pl\/?page_id=808"},"modified":"2021-12-29T22:38:31","modified_gmt":"2021-12-29T21:38:31","slug":"instalacje-hydrauliczne","status":"publish","type":"page","link":"https:\/\/progreen-adm.pl\/index.php\/instalacje-hydrauliczne","title":{"rendered":"Instalacje hydrauliczne"},"content":{"rendered":"\t\t<div data-elementor-type=\"wp-page\" data-elementor-id=\"808\" class=\"elementor elementor-808\" data-elementor-settings=\"[]\">\n\t\t\t\t\t\t\t<div class=\"elementor-section-wrap\">\n\t\t\t\t\t\t\t<section class=\"elementor-section elementor-top-section elementor-element elementor-element-665c5f9 elementor-section-full_width elementor-section-height-min-height elementor-section-stretched page-section-header elementor-section-height-default elementor-section-items-middle\" data-id=\"665c5f9\" data-element_type=\"section\" data-settings=\"{&quot;stretch_section&quot;:&quot;section-stretched&quot;,&quot;background_background&quot;:&quot;classic&quot;}\">\n\t\t\t\t\t\t\t<div class=\"elementor-background-overlay\"><\/div>\n\t\t\t\t\t\t\t<div class=\"elementor-container elementor-column-gap-no\">\n\t\t\t\t\t<div class=\"elementor-column elementor-col-100 elementor-top-column elementor-element elementor-element-e19c495\" data-id=\"e19c495\" data-element_type=\"column\">\n\t\t\t<div class=\"elementor-widget-wrap elementor-element-populated\">\n\t\t\t\t\t\t\t\t<div class=\"elementor-element elementor-element-46efe18 elementor-widget elementor-widget-heading\" data-id=\"46efe18\" data-element_type=\"widget\" data-widget_type=\"heading.default\">\n\t\t\t\t<div class=\"elementor-widget-container\">\n\t\t\t<h1 class=\"elementor-heading-title elementor-size-default\">Instalacje hydrauliczne<\/h1>\t\t<\/div>\n\t\t\t\t<\/div>\n\t\t\t\t\t<\/div>\n\t\t<\/div>\n\t\t\t\t\t\t\t<\/div>\n\t\t<\/section>\n\t\t\t\t<section class=\"elementor-section elementor-top-section elementor-element elementor-element-b4f3c8a elementor-section-stretched elementor-section-boxed elementor-section-height-default elementor-section-height-default\" data-id=\"b4f3c8a\" data-element_type=\"section\" data-settings=\"{&quot;stretch_section&quot;:&quot;section-stretched&quot;}\">\n\t\t\t\t\t\t<div class=\"elementor-container elementor-column-gap-default\">\n\t\t\t\t\t<div class=\"elementor-column elementor-col-100 elementor-top-column elementor-element elementor-element-db336b8\" data-id=\"db336b8\" data-element_type=\"column\">\n\t\t\t<div class=\"elementor-widget-wrap elementor-element-populated\">\n\t\t\t\t\t\t\t\t<section class=\"elementor-section elementor-inner-section elementor-element elementor-element-583dd26 elementor-section-boxed elementor-section-height-default elementor-section-height-default\" data-id=\"583dd26\" data-element_type=\"section\">\n\t\t\t\t\t\t<div class=\"elementor-container elementor-column-gap-default\">\n\t\t\t\t\t<div class=\"elementor-column elementor-col-33 elementor-inner-column elementor-element elementor-element-b9936a7\" data-id=\"b9936a7\" data-element_type=\"column\">\n\t\t\t<div class=\"elementor-widget-wrap elementor-element-populated\">\n\t\t\t\t\t\t\t\t<div class=\"elementor-element elementor-element-05b249c elementor-widget elementor-widget-image\" data-id=\"05b249c\" data-element_type=\"widget\" data-widget_type=\"image.default\">\n\t\t\t\t<div class=\"elementor-widget-container\">\n\t\t\t\t\t\t\t\t\t\t\t\t\t\t\t<img loading=\"lazy\" decoding=\"async\" width=\"150\" height=\"150\" src=\"https:\/\/progreen-adm.pl\/wp-content\/uploads\/2021\/11\/home_icn_2.svg\" class=\"attachment-thumbnail size-thumbnail\" alt=\"\" srcset=\"https:\/\/progreen-adm.pl\/wp-content\/uploads\/\/2021\/11\/home_icn_2.svg 150w, https:\/\/progreen-adm.pl\/wp-content\/uploads\/\/2021\/11\/home_icn_2.svg 300w, https:\/\/progreen-adm.pl\/wp-content\/uploads\/\/2021\/11\/home_icn_2.svg 100w\" sizes=\"auto, (max-width: 150px) 100vw, 150px\" \/>\t\t\t\t\t\t\t\t\t\t\t\t\t\t\t<\/div>\n\t\t\t\t<\/div>\n\t\t\t\t\t<\/div>\n\t\t<\/div>\n\t\t\t\t<div class=\"elementor-column elementor-col-66 elementor-inner-column elementor-element elementor-element-f8b90c8\" data-id=\"f8b90c8\" data-element_type=\"column\">\n\t\t\t<div class=\"elementor-widget-wrap elementor-element-populated\">\n\t\t\t\t\t\t\t\t<div class=\"elementor-element elementor-element-988294c elementor-widget elementor-widget-text-editor\" data-id=\"988294c\" data-element_type=\"widget\" data-widget_type=\"text-editor.default\">\n\t\t\t\t<div class=\"elementor-widget-container\">\n\t\t\t\t\t\t\t<h3><span style=\"font-size: 18pt; font-weight: bold;\">Instalacje hydrauliczne<\/span><\/h3>\n<p style=\"font-weight: 500;\">Profesjonalnie wykonane <strong>instalacje hydrauliczne<\/strong> zapewni\u0105 bezproblemowe i bezpieczne, a tak\u017ce komfortowe u\u017cytkowanie sanitariat\u00f3w w Twoim domu lub firmie. Zesp\u00f3\u0142 <strong><a style=\"color: #23ab70;\" href=\"https:\/\/progreen-adm.pl\/\">ProGREEN<\/a><\/strong> posiada kwalifikacje w zakresie:.<\/p>\n\n\n<ul style=\"font-weight: 500;\">\n \t<li>przeprowadzania napraw i remont\u00f3w oraz wymiany element\u00f3w instalacji,<\/li>\n \t<li>doradzania w doborze modeli sanitariat\u00f3w,<\/li>\n \t<li>monta\u017cu sanitariat\u00f3w.<\/li>\n<\/ul>\n<p style=\"font-weight: 500;\">\u2026pozwoli na komfortowe ich u\u017cytkowanie. Nie ka\u017cdy jednak posiada odpowiedni\u0105 wiedz\u0119 oraz do\u015bwiadczenie, aby samodzielnie przeprowadzi\u0107 te zadania.<\/p>\n<p style=\"font-weight: 500;\">Kompleksowa realizacja us\u0142ug zwi\u0105zanych z <strong>instalacjami hydraulicznymi<\/strong> to powierzenie kilku zada\u0144 w r\u0119ce jednego, zaufanego wykonawcy \u2013 a co za tym idzie, oszcz\u0119dno\u015b\u0107 czasu oraz pieni\u0119dzy. <\/p>\n<p style=\"font-weight: 500;\">Dzi\u0119ki naszemu do\u015bwiadczeniu w wykonywaniu <strong>instalacji hydraulicznych<\/strong>, doskonale wiemy, jak przeprowadzi\u0107 prace w spos\u00f3b bezpieczny, efektywny i fachowy. <\/p>\t\t\t\t\t\t<\/div>\n\t\t\t\t<\/div>\n\t\t\t\t\t<\/div>\n\t\t<\/div>\n\t\t\t\t\t\t\t<\/div>\n\t\t<\/section>\n\t\t\t\t\t<\/div>\n\t\t<\/div>\n\t\t\t\t\t\t\t<\/div>\n\t\t<\/section>\n\t\t\t\t<section class=\"elementor-section elementor-top-section elementor-element elementor-element-7373655 elementor-section-full_width elementor-section-stretched elementor-section-height-default elementor-section-height-default\" data-id=\"7373655\" data-element_type=\"section\" data-settings=\"{&quot;stretch_section&quot;:&quot;section-stretched&quot;,&quot;background_background&quot;:&quot;classic&quot;}\">\n\t\t\t\t\t\t<div class=\"elementor-container elementor-column-gap-default\">\n\t\t\t\t\t<div class=\"elementor-column elementor-col-100 elementor-top-column elementor-element elementor-element-cdfe6b2\" data-id=\"cdfe6b2\" data-element_type=\"column\">\n\t\t\t<div class=\"elementor-widget-wrap elementor-element-populated\">\n\t\t\t\t\t\t\t\t<section class=\"elementor-section elementor-inner-section elementor-element elementor-element-8a55f46 elementor-section-boxed elementor-section-height-default elementor-section-height-default\" data-id=\"8a55f46\" data-element_type=\"section\">\n\t\t\t\t\t\t<div class=\"elementor-container elementor-column-gap-default\">\n\t\t\t\t\t<div class=\"elementor-column elementor-col-33 elementor-inner-column elementor-element elementor-element-ede2ef5\" data-id=\"ede2ef5\" data-element_type=\"column\">\n\t\t\t<div class=\"elementor-widget-wrap elementor-element-populated\">\n\t\t\t\t\t\t\t\t<div class=\"elementor-element elementor-element-0577f4c elementor-widget__width-auto elementor-widget-mobile__width-inherit elementor-widget elementor-widget-html\" data-id=\"0577f4c\" data-element_type=\"widget\" data-widget_type=\"html.default\">\n\t\t\t\t<div class=\"elementor-widget-container\">\n\t\t\t<div class=\"ht__address__inner d-flex align-items-center\">\n    <div class=\"ht__address__icon map-pin\">\n        <i class=\"fa fa-map-marker\"><\/i>\n    <\/div>\n    <div class=\"ht__address__details d-flex align-items-center\">\n        <p>81-047 Gdynia <br>ul. Gniewska 21 box 35<\/p>\n    <\/div>\n<\/div>\t\t<\/div>\n\t\t\t\t<\/div>\n\t\t\t\t\t<\/div>\n\t\t<\/div>\n\t\t\t\t<div class=\"elementor-column elementor-col-33 elementor-inner-column elementor-element elementor-element-e958a80\" data-id=\"e958a80\" data-element_type=\"column\">\n\t\t\t<div class=\"elementor-widget-wrap elementor-element-populated\">\n\t\t\t\t\t\t\t\t<div class=\"elementor-element elementor-element-82411ed elementor-widget__width-auto elementor-widget-mobile__width-inherit elementor-widget elementor-widget-html\" data-id=\"82411ed\" data-element_type=\"widget\" data-widget_type=\"html.default\">\n\t\t\t\t<div class=\"elementor-widget-container\">\n\t\t\t<div class=\"ht__address__inner\">\n    <div class=\"ht__address__icon glob\">\n        <i class=\"fa fa-globe\" aria-hidden=\"true\"><\/i>\n    <\/div>\n    <div class=\"ht__address__details\">\n        <p>\n            <a href=\"mailto:info@progreen-adm.pl\">info@progreen-adm.pl<\/a><br\/>\n            <a href=\"https:\/\/progreen-adm.pl\">progreen-adm.pl<\/a>\n        <\/p>\n    <\/div>\n<\/div>\t\t<\/div>\n\t\t\t\t<\/div>\n\t\t\t\t\t<\/div>\n\t\t<\/div>\n\t\t\t\t<div class=\"elementor-column elementor-col-33 elementor-inner-column elementor-element elementor-element-aaaf8f8\" data-id=\"aaaf8f8\" data-element_type=\"column\">\n\t\t\t<div class=\"elementor-widget-wrap elementor-element-populated\">\n\t\t\t\t\t\t\t\t<div class=\"elementor-element elementor-element-79690ca elementor-widget__width-auto elementor-widget-mobile__width-inherit elementor-widget elementor-widget-html\" data-id=\"79690ca\" data-element_type=\"widget\" data-widget_type=\"html.default\">\n\t\t\t\t<div class=\"elementor-widget-container\">\n\t\t\t<div class=\"ht__address__inner\">\n    <div class=\"ht__address__icon\">\n        <i class=\"fa fa-phone\" aria-hidden=\"true\"><\/i>\n    <\/div>\n    <div class=\"ht__address__details\">\n        <p><a href=\"#\">+48 575 025 989<\/a><\/p>\n\n    <\/div>\n<\/div>\t\t<\/div>\n\t\t\t\t<\/div>\n\t\t\t\t\t<\/div>\n\t\t<\/div>\n\t\t\t\t\t\t\t<\/div>\n\t\t<\/section>\n\t\t\t\t\t<\/div>\n\t\t<\/div>\n\t\t\t\t\t\t\t<\/div>\n\t\t<\/section>\n\t\t\t\t\t\t<\/div>\n\t\t\t\t\t<\/div>\n\t\t","protected":false},"excerpt":{"rendered":"<p>Instalacje hydrauliczne Instalacje hydrauliczne Profesjonalnie wykonane instalacje hydrauliczne zapewni\u0105 bezproblemowe i bezpieczne, a tak\u017ce komfortowe u\u017cytkowanie sanitariat\u00f3w w Twoim domu lub firmie. Zesp\u00f3\u0142 ProGREEN posiada kwalifikacje w zakresie:. przeprowadzania napraw i remont\u00f3w oraz wymiany element\u00f3w instalacji, doradzania w doborze modeli sanitariat\u00f3w, monta\u017cu sanitariat\u00f3w. \u2026pozwoli na komfortowe ich u\u017cytkowanie. Nie ka\u017cdy jednak posiada odpowiedni\u0105 wiedz\u0119 oraz [&hellip;]<\/p>\n","protected":false},"author":2,"featured_media":0,"parent":0,"menu_order":0,"comment_status":"closed","ping_status":"closed","template":"elementor_header_footer","meta":{"footnotes":""},"class_list":["post-808","page","type-page","status-publish","hentry"],"_links":{"self":[{"href":"https:\/\/progreen-adm.pl\/index.php\/wp-json\/wp\/v2\/pages\/808","targetHints":{"allow":["GET"]}}],"collection":[{"href":"https:\/\/progreen-adm.pl\/index.php\/wp-json\/wp\/v2\/pages"}],"about":[{"href":"https:\/\/progreen-adm.pl\/index.php\/wp-json\/wp\/v2\/types\/page"}],"author":[{"embeddable":true,"href":"https:\/\/progreen-adm.pl\/index.php\/wp-json\/wp\/v2\/users\/2"}],"replies":[{"embeddable":true,"href":"https:\/\/progreen-adm.pl\/index.php\/wp-json\/wp\/v2\/comments?post=808"}],"version-history":[{"count":46,"href":"https:\/\/progreen-adm.pl\/index.php\/wp-json\/wp\/v2\/pages\/808\/revisions"}],"predecessor-version":[{"id":1710,"href":"https:\/\/progreen-adm.pl\/index.php\/wp-json\/wp\/v2\/pages\/808\/revisions\/1710"}],"wp:attachment":[{"href":"https:\/\/progreen-adm.pl\/index.php\/wp-json\/wp\/v2\/media?parent=808"}],"curies":[{"name":"wp","href":"https:\/\/api.w.org\/{rel}","templated":true}]}}