{"id":806,"date":"2021-11-20T13:01:35","date_gmt":"2021-11-20T12:01:35","guid":{"rendered":"https:\/\/midio.pl\/?page_id=806"},"modified":"2021-12-29T23:53:24","modified_gmt":"2021-12-29T22:53:24","slug":"instalacje-elektryczne","status":"publish","type":"page","link":"https:\/\/progreen-adm.pl\/index.php\/instalacje-elektryczne","title":{"rendered":"Instalacje elektryczne"},"content":{"rendered":"\t\t<div data-elementor-type=\"wp-page\" data-elementor-id=\"806\" class=\"elementor elementor-806\" data-elementor-settings=\"[]\">\n\t\t\t\t\t\t\t<div class=\"elementor-section-wrap\">\n\t\t\t\t\t\t\t<section class=\"elementor-section elementor-top-section elementor-element elementor-element-59bd568 elementor-section-full_width elementor-section-height-min-height elementor-section-stretched page-section-header elementor-section-height-default elementor-section-items-middle\" data-id=\"59bd568\" data-element_type=\"section\" data-settings=\"{&quot;stretch_section&quot;:&quot;section-stretched&quot;,&quot;background_background&quot;:&quot;classic&quot;}\">\n\t\t\t\t\t\t\t<div class=\"elementor-background-overlay\"><\/div>\n\t\t\t\t\t\t\t<div class=\"elementor-container elementor-column-gap-no\">\n\t\t\t\t\t<div class=\"elementor-column elementor-col-100 elementor-top-column elementor-element elementor-element-07ac07c\" data-id=\"07ac07c\" data-element_type=\"column\">\n\t\t\t<div class=\"elementor-widget-wrap elementor-element-populated\">\n\t\t\t\t\t\t\t\t<div class=\"elementor-element elementor-element-79a42e9 elementor-widget elementor-widget-heading\" data-id=\"79a42e9\" data-element_type=\"widget\" data-widget_type=\"heading.default\">\n\t\t\t\t<div class=\"elementor-widget-container\">\n\t\t\t<h1 class=\"elementor-heading-title elementor-size-default\">Instalacje elektryczne<\/h1>\t\t<\/div>\n\t\t\t\t<\/div>\n\t\t\t\t\t<\/div>\n\t\t<\/div>\n\t\t\t\t\t\t\t<\/div>\n\t\t<\/section>\n\t\t\t\t<section class=\"elementor-section elementor-top-section elementor-element elementor-element-1fc14b8 elementor-section-stretched elementor-section-boxed elementor-section-height-default elementor-section-height-default\" data-id=\"1fc14b8\" data-element_type=\"section\" data-settings=\"{&quot;stretch_section&quot;:&quot;section-stretched&quot;}\">\n\t\t\t\t\t\t<div class=\"elementor-container elementor-column-gap-default\">\n\t\t\t\t\t<div class=\"elementor-column elementor-col-100 elementor-top-column elementor-element elementor-element-f9c1129\" data-id=\"f9c1129\" data-element_type=\"column\">\n\t\t\t<div class=\"elementor-widget-wrap elementor-element-populated\">\n\t\t\t\t\t\t\t\t<section class=\"elementor-section elementor-inner-section elementor-element elementor-element-d4130e6 elementor-section-boxed elementor-section-height-default elementor-section-height-default\" data-id=\"d4130e6\" data-element_type=\"section\">\n\t\t\t\t\t\t<div class=\"elementor-container elementor-column-gap-default\">\n\t\t\t\t\t<div class=\"elementor-column elementor-col-33 elementor-inner-column elementor-element elementor-element-b96bc12\" data-id=\"b96bc12\" data-element_type=\"column\">\n\t\t\t<div class=\"elementor-widget-wrap elementor-element-populated\">\n\t\t\t\t\t\t\t\t<div class=\"elementor-element elementor-element-88fa118 elementor-widget elementor-widget-image\" data-id=\"88fa118\" data-element_type=\"widget\" data-widget_type=\"image.default\">\n\t\t\t\t<div class=\"elementor-widget-container\">\n\t\t\t\t\t\t\t\t\t\t\t\t\t\t\t<img loading=\"lazy\" decoding=\"async\" width=\"150\" height=\"150\" src=\"https:\/\/progreen-adm.pl\/wp-content\/uploads\/2021\/11\/home_icn_1.svg\" class=\"attachment-thumbnail size-thumbnail\" alt=\"\" srcset=\"https:\/\/progreen-adm.pl\/wp-content\/uploads\/\/2021\/11\/home_icn_1.svg 150w, https:\/\/progreen-adm.pl\/wp-content\/uploads\/\/2021\/11\/home_icn_1.svg 300w, https:\/\/progreen-adm.pl\/wp-content\/uploads\/\/2021\/11\/home_icn_1.svg 100w\" sizes=\"auto, (max-width: 150px) 100vw, 150px\" \/>\t\t\t\t\t\t\t\t\t\t\t\t\t\t\t<\/div>\n\t\t\t\t<\/div>\n\t\t\t\t\t<\/div>\n\t\t<\/div>\n\t\t\t\t<div class=\"elementor-column elementor-col-66 elementor-inner-column elementor-element elementor-element-d94dd96\" data-id=\"d94dd96\" data-element_type=\"column\">\n\t\t\t<div class=\"elementor-widget-wrap elementor-element-populated\">\n\t\t\t\t\t\t\t\t<div class=\"elementor-element elementor-element-90d1e1e elementor-widget elementor-widget-text-editor\" data-id=\"90d1e1e\" data-element_type=\"widget\" data-widget_type=\"text-editor.default\">\n\t\t\t\t<div class=\"elementor-widget-container\">\n\t\t\t\t\t\t\t<h3><span style=\"font-size: 18pt; font-weight: bold;\">Instalacje elektryczne<\/span><\/h3>\n<p style=\"font-weight: 500;\">Odpowiednio zaplanowany system <strong>instalacji elektrycznych<\/strong> jest dla budynku tym, czym uk\u0142ad nerwowy dla cz\u0142owieka. Zar\u00f3wno w jednym, jak i w drugim przewodzone s\u0105 impulsy, kt\u00f3rych efektem jest sprawne funkcjonowanie ca\u0142ego organizmu.<\/p>\n<p style=\"font-weight: 500;\">Pr\u0105d zasila dzi\u015b wi\u0119kszo\u015b\u0107 urz\u0105dze\u0144 i instalacji, z kt\u00f3rych korzystamy na co dzie\u0144. Optymalne rozplanowanie wszelkich:<\/p>\n<ul style=\"font-weight: 500;\">\n<li>punkt\u00f3w o\u015bwietlenia<\/li>\n<li>\u0142\u0105cznik\u00f3w<\/li>\n<li>gniazdek elektrycznych&#8230;<\/li>\n<\/ul>\n<p style=\"font-weight: 500;\">\u2026pozwoli na komfortowe ich u\u017cytkowanie. Nie ka\u017cdy jednak posiada odpowiedni\u0105 wiedz\u0119 oraz do\u015bwiadczenie, aby samodzielnie przeprowadzi\u0107 te zadania.<\/p>\n<p style=\"font-weight: 500;\">Z tego powodu warto powierzy\u0107 je zespo\u0142owi <strong><a style=\"color: #23ab70;\" href=\"https:\/\/progreen-adm.pl\/\">ProGREEN<\/a><\/strong> posiadaj\u0105cego odpowiednie kwalifikacje z zakresu planowania i wykonania <strong>instalacji elektrycznych<\/strong>.<\/p>\n<p style=\"font-weight: 500;\">Zapewniamy kompleksowe, bezpieczne i profesjonalne wykonanie instalacji, kt\u00f3ra b\u0119dzie inwestycj\u0105 na d\u0142ugie lata. Zajmiemy si\u0119 te\u017c stworzeniem przy\u0142\u0105cza elektrycznego oraz zamontujemy rozdzielni\u0119 elektryczn\u0105. Przeprowadzamy na zlecenie okresowe pomiary instalacji elektrycznych, zgodnie z obowi\u0105zuj\u0105cymi przepisami prawa.<\/p>\t\t\t\t\t\t<\/div>\n\t\t\t\t<\/div>\n\t\t\t\t\t<\/div>\n\t\t<\/div>\n\t\t\t\t\t\t\t<\/div>\n\t\t<\/section>\n\t\t\t\t\t<\/div>\n\t\t<\/div>\n\t\t\t\t\t\t\t<\/div>\n\t\t<\/section>\n\t\t\t\t<section class=\"elementor-section elementor-top-section elementor-element elementor-element-efd5ef5 elementor-section-full_width elementor-section-stretched elementor-section-height-default elementor-section-height-default\" data-id=\"efd5ef5\" data-element_type=\"section\" data-settings=\"{&quot;stretch_section&quot;:&quot;section-stretched&quot;,&quot;background_background&quot;:&quot;classic&quot;}\">\n\t\t\t\t\t\t<div class=\"elementor-container elementor-column-gap-default\">\n\t\t\t\t\t<div class=\"elementor-column elementor-col-100 elementor-top-column elementor-element elementor-element-c30eac0\" data-id=\"c30eac0\" data-element_type=\"column\">\n\t\t\t<div class=\"elementor-widget-wrap elementor-element-populated\">\n\t\t\t\t\t\t\t\t<section class=\"elementor-section elementor-inner-section elementor-element elementor-element-0807d24 elementor-section-boxed elementor-section-height-default elementor-section-height-default\" data-id=\"0807d24\" data-element_type=\"section\">\n\t\t\t\t\t\t<div class=\"elementor-container elementor-column-gap-default\">\n\t\t\t\t\t<div class=\"elementor-column elementor-col-33 elementor-inner-column elementor-element elementor-element-bb6e58e\" data-id=\"bb6e58e\" data-element_type=\"column\">\n\t\t\t<div class=\"elementor-widget-wrap elementor-element-populated\">\n\t\t\t\t\t\t\t\t<div class=\"elementor-element elementor-element-fb2fd09 elementor-widget__width-auto elementor-widget-mobile__width-inherit elementor-widget elementor-widget-html\" data-id=\"fb2fd09\" data-element_type=\"widget\" data-widget_type=\"html.default\">\n\t\t\t\t<div class=\"elementor-widget-container\">\n\t\t\t<div class=\"ht__address__inner d-flex align-items-center\">\n    <div class=\"ht__address__icon map-pin\">\n        <i class=\"fa fa-map-marker\"><\/i>\n    <\/div>\n    <div class=\"ht__address__details d-flex align-items-center\">\n        <p>81-047 Gdynia <br>ul. Gniewska 21 box 35<\/p>\n    <\/div>\n<\/div>\t\t<\/div>\n\t\t\t\t<\/div>\n\t\t\t\t\t<\/div>\n\t\t<\/div>\n\t\t\t\t<div class=\"elementor-column elementor-col-33 elementor-inner-column elementor-element elementor-element-f6c7096\" data-id=\"f6c7096\" data-element_type=\"column\">\n\t\t\t<div class=\"elementor-widget-wrap elementor-element-populated\">\n\t\t\t\t\t\t\t\t<div class=\"elementor-element elementor-element-dab8d1a elementor-widget__width-auto elementor-widget-mobile__width-inherit elementor-widget elementor-widget-html\" data-id=\"dab8d1a\" data-element_type=\"widget\" data-widget_type=\"html.default\">\n\t\t\t\t<div class=\"elementor-widget-container\">\n\t\t\t<div class=\"ht__address__inner\">\n    <div class=\"ht__address__icon glob\">\n        <i class=\"fa fa-globe\" aria-hidden=\"true\"><\/i>\n    <\/div>\n    <div class=\"ht__address__details\">\n        <p>\n            <a href=\"mailto:info@progreen-adm.pl\">info@progreen-adm.pl<\/a><br\/>\n            <a href=\"https:\/\/progreen-adm.pl\">progreen-adm.pl<\/a>\n        <\/p>\n    <\/div>\n<\/div>\t\t<\/div>\n\t\t\t\t<\/div>\n\t\t\t\t\t<\/div>\n\t\t<\/div>\n\t\t\t\t<div class=\"elementor-column elementor-col-33 elementor-inner-column elementor-element elementor-element-c3b189d\" data-id=\"c3b189d\" data-element_type=\"column\">\n\t\t\t<div class=\"elementor-widget-wrap elementor-element-populated\">\n\t\t\t\t\t\t\t\t<div class=\"elementor-element elementor-element-8edc5d2 elementor-widget__width-auto elementor-widget-mobile__width-inherit elementor-widget elementor-widget-html\" data-id=\"8edc5d2\" data-element_type=\"widget\" data-widget_type=\"html.default\">\n\t\t\t\t<div class=\"elementor-widget-container\">\n\t\t\t<div class=\"ht__address__inner\">\n    <div class=\"ht__address__icon\">\n        <i class=\"fa fa-phone\" aria-hidden=\"true\"><\/i>\n    <\/div>\n    <div class=\"ht__address__details\">\n        <p><a href=\"#\">+48 575 025 989<\/a><\/p>\n\n    <\/div>\n<\/div>\t\t<\/div>\n\t\t\t\t<\/div>\n\t\t\t\t\t<\/div>\n\t\t<\/div>\n\t\t\t\t\t\t\t<\/div>\n\t\t<\/section>\n\t\t\t\t\t<\/div>\n\t\t<\/div>\n\t\t\t\t\t\t\t<\/div>\n\t\t<\/section>\n\t\t\t\t\t\t<\/div>\n\t\t\t\t\t<\/div>\n\t\t","protected":false},"excerpt":{"rendered":"<p>Instalacje elektryczne Instalacje elektryczne Odpowiednio zaplanowany system instalacji elektrycznych jest dla budynku tym, czym uk\u0142ad nerwowy dla cz\u0142owieka. Zar\u00f3wno w jednym, jak i w drugim przewodzone s\u0105 impulsy, kt\u00f3rych efektem jest sprawne funkcjonowanie ca\u0142ego organizmu. Pr\u0105d zasila dzi\u015b wi\u0119kszo\u015b\u0107 urz\u0105dze\u0144 i instalacji, z kt\u00f3rych korzystamy na co dzie\u0144. Optymalne rozplanowanie wszelkich: punkt\u00f3w o\u015bwietlenia \u0142\u0105cznik\u00f3w gniazdek [&hellip;]<\/p>\n","protected":false},"author":2,"featured_media":0,"parent":0,"menu_order":0,"comment_status":"closed","ping_status":"closed","template":"elementor_header_footer","meta":{"footnotes":""},"class_list":["post-806","page","type-page","status-publish","hentry"],"_links":{"self":[{"href":"https:\/\/progreen-adm.pl\/index.php\/wp-json\/wp\/v2\/pages\/806","targetHints":{"allow":["GET"]}}],"collection":[{"href":"https:\/\/progreen-adm.pl\/index.php\/wp-json\/wp\/v2\/pages"}],"about":[{"href":"https:\/\/progreen-adm.pl\/index.php\/wp-json\/wp\/v2\/types\/page"}],"author":[{"embeddable":true,"href":"https:\/\/progreen-adm.pl\/index.php\/wp-json\/wp\/v2\/users\/2"}],"replies":[{"embeddable":true,"href":"https:\/\/progreen-adm.pl\/index.php\/wp-json\/wp\/v2\/comments?post=806"}],"version-history":[{"count":107,"href":"https:\/\/progreen-adm.pl\/index.php\/wp-json\/wp\/v2\/pages\/806\/revisions"}],"predecessor-version":[{"id":1759,"href":"https:\/\/progreen-adm.pl\/index.php\/wp-json\/wp\/v2\/pages\/806\/revisions\/1759"}],"wp:attachment":[{"href":"https:\/\/progreen-adm.pl\/index.php\/wp-json\/wp\/v2\/media?parent=806"}],"curies":[{"name":"wp","href":"https:\/\/api.w.org\/{rel}","templated":true}]}}