{"id":1717,"date":"2021-12-29T23:34:57","date_gmt":"2021-12-29T22:34:57","guid":{"rendered":"https:\/\/progreen-adm.pl\/?page_id=1717"},"modified":"2021-12-29T23:58:40","modified_gmt":"2021-12-29T22:58:40","slug":"prace-dekarskie","status":"publish","type":"page","link":"https:\/\/progreen-adm.pl\/index.php\/prace-dekarskie","title":{"rendered":"Prace dekarskie"},"content":{"rendered":"\t\t<div data-elementor-type=\"wp-page\" data-elementor-id=\"1717\" class=\"elementor elementor-1717\" data-elementor-settings=\"[]\">\n\t\t\t\t\t\t\t<div class=\"elementor-section-wrap\">\n\t\t\t\t\t\t\t<section class=\"elementor-section elementor-top-section elementor-element elementor-element-f12366e elementor-section-full_width elementor-section-height-min-height elementor-section-stretched page-section-header elementor-section-height-default elementor-section-items-middle\" data-id=\"f12366e\" data-element_type=\"section\" data-settings=\"{&quot;stretch_section&quot;:&quot;section-stretched&quot;,&quot;background_background&quot;:&quot;classic&quot;}\">\n\t\t\t\t\t\t\t<div class=\"elementor-background-overlay\"><\/div>\n\t\t\t\t\t\t\t<div class=\"elementor-container elementor-column-gap-no\">\n\t\t\t\t\t<div class=\"elementor-column elementor-col-100 elementor-top-column elementor-element elementor-element-c947563\" data-id=\"c947563\" data-element_type=\"column\">\n\t\t\t<div class=\"elementor-widget-wrap elementor-element-populated\">\n\t\t\t\t\t\t\t\t<div class=\"elementor-element elementor-element-1f2d524 elementor-widget elementor-widget-heading\" data-id=\"1f2d524\" data-element_type=\"widget\" data-widget_type=\"heading.default\">\n\t\t\t\t<div class=\"elementor-widget-container\">\n\t\t\t<h1 class=\"elementor-heading-title elementor-size-default\">Prace dekarskie<\/h1>\t\t<\/div>\n\t\t\t\t<\/div>\n\t\t\t\t\t<\/div>\n\t\t<\/div>\n\t\t\t\t\t\t\t<\/div>\n\t\t<\/section>\n\t\t\t\t<section class=\"elementor-section elementor-top-section elementor-element elementor-element-c382278 elementor-section-stretched elementor-section-boxed elementor-section-height-default elementor-section-height-default\" data-id=\"c382278\" data-element_type=\"section\" data-settings=\"{&quot;stretch_section&quot;:&quot;section-stretched&quot;}\">\n\t\t\t\t\t\t<div class=\"elementor-container elementor-column-gap-default\">\n\t\t\t\t\t<div class=\"elementor-column elementor-col-100 elementor-top-column elementor-element elementor-element-221b4f7\" data-id=\"221b4f7\" data-element_type=\"column\">\n\t\t\t<div class=\"elementor-widget-wrap elementor-element-populated\">\n\t\t\t\t\t\t\t\t<section class=\"elementor-section elementor-inner-section elementor-element elementor-element-d500206 elementor-section-boxed elementor-section-height-default elementor-section-height-default\" data-id=\"d500206\" data-element_type=\"section\">\n\t\t\t\t\t\t<div class=\"elementor-container elementor-column-gap-default\">\n\t\t\t\t\t<div class=\"elementor-column elementor-col-33 elementor-inner-column elementor-element elementor-element-d4150a4\" data-id=\"d4150a4\" data-element_type=\"column\">\n\t\t\t<div class=\"elementor-widget-wrap elementor-element-populated\">\n\t\t\t\t\t\t\t\t<div class=\"elementor-element elementor-element-a1fcc94 elementor-widget elementor-widget-image\" data-id=\"a1fcc94\" data-element_type=\"widget\" data-widget_type=\"image.default\">\n\t\t\t\t<div class=\"elementor-widget-container\">\n\t\t\t\t\t\t\t\t\t\t\t\t\t\t\t<img loading=\"lazy\" decoding=\"async\" width=\"150\" height=\"150\" src=\"https:\/\/progreen-adm.pl\/wp-content\/uploads\/2021\/12\/home_icn_5.svg\" class=\"attachment-thumbnail size-thumbnail\" alt=\"\" srcset=\"https:\/\/progreen-adm.pl\/wp-content\/uploads\/\/2021\/12\/home_icn_5.svg 150w, https:\/\/progreen-adm.pl\/wp-content\/uploads\/\/2021\/12\/home_icn_5.svg 300w, https:\/\/progreen-adm.pl\/wp-content\/uploads\/\/2021\/12\/home_icn_5.svg 100w\" sizes=\"auto, (max-width: 150px) 100vw, 150px\" \/>\t\t\t\t\t\t\t\t\t\t\t\t\t\t\t<\/div>\n\t\t\t\t<\/div>\n\t\t\t\t\t<\/div>\n\t\t<\/div>\n\t\t\t\t<div class=\"elementor-column elementor-col-66 elementor-inner-column elementor-element elementor-element-ff3beb1\" data-id=\"ff3beb1\" data-element_type=\"column\">\n\t\t\t<div class=\"elementor-widget-wrap elementor-element-populated\">\n\t\t\t\t\t\t\t\t<div class=\"elementor-element elementor-element-e3b3c37 elementor-widget elementor-widget-text-editor\" data-id=\"e3b3c37\" data-element_type=\"widget\" data-widget_type=\"text-editor.default\">\n\t\t\t\t<div class=\"elementor-widget-container\">\n\t\t\t\t\t\t\t<h3><span style=\"font-size: 18pt; font-weight: bold;\">Prace dekarskie<\/span><\/h3>\n<p style=\"font-weight: 500;\">Profesjonalnie wykonany dach przetrwa pr\u00f3b\u0119 czasu i wytrzyma nawet najtrudniejsze warunki\npogodowe. <strong><a style=\"color: #23ab70;\" href=\"https:\/\/progreen-adm.pl\/\">ProGREEN<\/a><\/strong> oferuje pe\u0142ny wachlarz us\u0142ug dekarskich: od doboru odpowiednich materia\u0142\u00f3w\nkonstrukcji po samo wykonanie przez wykwalifikowanych dekarzy. Przeprowadzamy tak\u017ce okresowe konserwacje i naprawy dach\u00f3w, przed\u0142u\u017caj\u0105c ich cykl \u017cycia i zwi\u0119kszaj\u0105c trwa\u0142o\u015b\u0107 budynku. Dodatkowo zajmujemy si\u0119 monta\u017cem urz\u0105dze\u0144 s\u0142u\u017c\u0105cych do odprowadzania wody z dach\u00f3w.<\/p>\t\t\t\t\t\t<\/div>\n\t\t\t\t<\/div>\n\t\t\t\t\t<\/div>\n\t\t<\/div>\n\t\t\t\t\t\t\t<\/div>\n\t\t<\/section>\n\t\t\t\t\t<\/div>\n\t\t<\/div>\n\t\t\t\t\t\t\t<\/div>\n\t\t<\/section>\n\t\t\t\t<section class=\"elementor-section elementor-top-section elementor-element elementor-element-aaca77d elementor-section-full_width elementor-section-stretched elementor-section-height-default elementor-section-height-default\" data-id=\"aaca77d\" data-element_type=\"section\" data-settings=\"{&quot;stretch_section&quot;:&quot;section-stretched&quot;,&quot;background_background&quot;:&quot;classic&quot;}\">\n\t\t\t\t\t\t<div class=\"elementor-container elementor-column-gap-default\">\n\t\t\t\t\t<div class=\"elementor-column elementor-col-100 elementor-top-column elementor-element elementor-element-2e86567\" data-id=\"2e86567\" data-element_type=\"column\">\n\t\t\t<div class=\"elementor-widget-wrap elementor-element-populated\">\n\t\t\t\t\t\t\t\t<section class=\"elementor-section elementor-inner-section elementor-element elementor-element-2f46c75 elementor-section-boxed elementor-section-height-default elementor-section-height-default\" data-id=\"2f46c75\" data-element_type=\"section\">\n\t\t\t\t\t\t<div class=\"elementor-container elementor-column-gap-default\">\n\t\t\t\t\t<div class=\"elementor-column elementor-col-33 elementor-inner-column elementor-element elementor-element-bc51717\" data-id=\"bc51717\" data-element_type=\"column\">\n\t\t\t<div class=\"elementor-widget-wrap elementor-element-populated\">\n\t\t\t\t\t\t\t\t<div class=\"elementor-element elementor-element-4821f7b elementor-widget__width-auto elementor-widget-mobile__width-inherit elementor-widget elementor-widget-html\" data-id=\"4821f7b\" data-element_type=\"widget\" data-widget_type=\"html.default\">\n\t\t\t\t<div class=\"elementor-widget-container\">\n\t\t\t<div class=\"ht__address__inner d-flex align-items-center\">\n    <div class=\"ht__address__icon map-pin\">\n        <i class=\"fa fa-map-marker\"><\/i>\n    <\/div>\n    <div class=\"ht__address__details d-flex align-items-center\">\n        <p>81-047 Gdynia <br>ul. Gniewska 21 box 35<\/p>\n    <\/div>\n<\/div>\t\t<\/div>\n\t\t\t\t<\/div>\n\t\t\t\t\t<\/div>\n\t\t<\/div>\n\t\t\t\t<div class=\"elementor-column elementor-col-33 elementor-inner-column elementor-element elementor-element-5816d35\" data-id=\"5816d35\" data-element_type=\"column\">\n\t\t\t<div class=\"elementor-widget-wrap elementor-element-populated\">\n\t\t\t\t\t\t\t\t<div class=\"elementor-element elementor-element-f27129c elementor-widget__width-auto elementor-widget-mobile__width-inherit elementor-widget elementor-widget-html\" data-id=\"f27129c\" data-element_type=\"widget\" data-widget_type=\"html.default\">\n\t\t\t\t<div class=\"elementor-widget-container\">\n\t\t\t<div class=\"ht__address__inner\">\n    <div class=\"ht__address__icon glob\">\n        <i class=\"fa fa-globe\" aria-hidden=\"true\"><\/i>\n    <\/div>\n    <div class=\"ht__address__details\">\n        <p>\n            <a href=\"mailto:info@progreen-adm.pl\">info@progreen-adm.pl<\/a><br\/>\n            <a href=\"https:\/\/progreen-adm.pl\">progreen-adm.pl<\/a>\n        <\/p>\n    <\/div>\n<\/div>\t\t<\/div>\n\t\t\t\t<\/div>\n\t\t\t\t\t<\/div>\n\t\t<\/div>\n\t\t\t\t<div class=\"elementor-column elementor-col-33 elementor-inner-column elementor-element elementor-element-d2f544f\" data-id=\"d2f544f\" data-element_type=\"column\">\n\t\t\t<div class=\"elementor-widget-wrap elementor-element-populated\">\n\t\t\t\t\t\t\t\t<div class=\"elementor-element elementor-element-898e6b5 elementor-widget__width-auto elementor-widget-mobile__width-inherit elementor-widget elementor-widget-html\" data-id=\"898e6b5\" data-element_type=\"widget\" data-widget_type=\"html.default\">\n\t\t\t\t<div class=\"elementor-widget-container\">\n\t\t\t<div class=\"ht__address__inner\">\n    <div class=\"ht__address__icon\">\n        <i class=\"fa fa-phone\" aria-hidden=\"true\"><\/i>\n    <\/div>\n    <div class=\"ht__address__details\">\n        <p><a href=\"#\">+48 575 025 989<\/a><\/p>\n\n    <\/div>\n<\/div>\t\t<\/div>\n\t\t\t\t<\/div>\n\t\t\t\t\t<\/div>\n\t\t<\/div>\n\t\t\t\t\t\t\t<\/div>\n\t\t<\/section>\n\t\t\t\t\t<\/div>\n\t\t<\/div>\n\t\t\t\t\t\t\t<\/div>\n\t\t<\/section>\n\t\t\t\t\t\t<\/div>\n\t\t\t\t\t<\/div>\n\t\t","protected":false},"excerpt":{"rendered":"<p>Prace dekarskie Prace dekarskie Profesjonalnie wykonany dach przetrwa pr\u00f3b\u0119 czasu i wytrzyma nawet najtrudniejsze warunki pogodowe. ProGREEN oferuje pe\u0142ny wachlarz us\u0142ug dekarskich: od doboru odpowiednich materia\u0142\u00f3w konstrukcji po samo wykonanie przez wykwalifikowanych dekarzy. Przeprowadzamy tak\u017ce okresowe konserwacje i naprawy dach\u00f3w, przed\u0142u\u017caj\u0105c ich cykl \u017cycia i zwi\u0119kszaj\u0105c trwa\u0142o\u015b\u0107 budynku. Dodatkowo zajmujemy si\u0119 monta\u017cem urz\u0105dze\u0144 s\u0142u\u017c\u0105cych do [&hellip;]<\/p>\n","protected":false},"author":2,"featured_media":0,"parent":0,"menu_order":0,"comment_status":"closed","ping_status":"closed","template":"elementor_header_footer","meta":{"footnotes":""},"class_list":["post-1717","page","type-page","status-publish","hentry"],"_links":{"self":[{"href":"https:\/\/progreen-adm.pl\/index.php\/wp-json\/wp\/v2\/pages\/1717","targetHints":{"allow":["GET"]}}],"collection":[{"href":"https:\/\/progreen-adm.pl\/index.php\/wp-json\/wp\/v2\/pages"}],"about":[{"href":"https:\/\/progreen-adm.pl\/index.php\/wp-json\/wp\/v2\/types\/page"}],"author":[{"embeddable":true,"href":"https:\/\/progreen-adm.pl\/index.php\/wp-json\/wp\/v2\/users\/2"}],"replies":[{"embeddable":true,"href":"https:\/\/progreen-adm.pl\/index.php\/wp-json\/wp\/v2\/comments?post=1717"}],"version-history":[{"count":10,"href":"https:\/\/progreen-adm.pl\/index.php\/wp-json\/wp\/v2\/pages\/1717\/revisions"}],"predecessor-version":[{"id":1765,"href":"https:\/\/progreen-adm.pl\/index.php\/wp-json\/wp\/v2\/pages\/1717\/revisions\/1765"}],"wp:attachment":[{"href":"https:\/\/progreen-adm.pl\/index.php\/wp-json\/wp\/v2\/media?parent=1717"}],"curies":[{"name":"wp","href":"https:\/\/api.w.org\/{rel}","templated":true}]}}